{"id":2,"date":"2026-04-14T09:51:43","date_gmt":"2026-04-14T09:51:43","guid":{"rendered":"https:\/\/carniceriasofia.rkinformatika.online\/?page_id=2"},"modified":"2026-04-16T14:22:50","modified_gmt":"2026-04-16T14:22:50","slug":"inicio","status":"publish","type":"page","link":"https:\/\/carniceriasofia.com\/eu\/","title":{"rendered":"Hasiera"},"content":{"rendered":"\t\t<div data-elementor-type=\"wp-page\" data-elementor-id=\"2\" class=\"elementor elementor-2\" data-elementor-post-type=\"page\">\n\t\t\t\t<div class=\"elementor-element elementor-element-587eb4d e-flex e-con-boxed e-con e-parent\" data-id=\"587eb4d\" data-element_type=\"container\" data-e-type=\"container\" data-settings=\"{&quot;background_background&quot;:&quot;slideshow&quot;,&quot;background_slideshow_gallery&quot;:[{&quot;id&quot;:278,&quot;url&quot;:&quot;https:\\\/\\\/carniceriasofia.com\\\/wp-content\\\/uploads\\\/2026\\\/04\\\/bbq-sausage.jpg&quot;},{&quot;id&quot;:613,&quot;url&quot;:&quot;https:\\\/\\\/carniceriasofia.com\\\/wp-content\\\/uploads\\\/2026\\\/04\\\/537.jpg&quot;},{&quot;id&quot;:412,&quot;url&quot;:&quot;https:\\\/\\\/carniceriasofia.com\\\/wp-content\\\/uploads\\\/2026\\\/04\\\/different-smoked-sausages-slices-served-on-grey-ta-2026-03-27-01-46-21-utc-scaled.jpg&quot;}],&quot;background_slideshow_ken_burns&quot;:&quot;yes&quot;,&quot;background_slideshow_loop&quot;:&quot;yes&quot;,&quot;background_slideshow_slide_duration&quot;:5000,&quot;background_slideshow_slide_transition&quot;:&quot;fade&quot;,&quot;background_slideshow_transition_duration&quot;:500,&quot;background_slideshow_ken_burns_zoom_direction&quot;:&quot;in&quot;}\">\n\t\t\t\t\t<div class=\"e-con-inner\">\n\t\t\t\t<div class=\"elementor-element elementor-element-b9158e1 elementor-invisible elementor-widget elementor-widget-heading\" data-id=\"b9158e1\" data-element_type=\"widget\" data-e-type=\"widget\" data-settings=\"{&quot;_animation&quot;:&quot;fadeInUp&quot;}\" data-widget_type=\"heading.default\">\n\t\t\t\t\t<h1 class=\"elementor-heading-title elementor-size-default\">\u00a1Excelencia en cada corte!<\/h1>\t\t\t\t<\/div>\n\t\t\t\t\t<\/div>\n\t\t\t\t<\/div>\n\t\t<div class=\"elementor-element elementor-element-7540551 e-flex e-con-boxed e-con e-parent\" data-id=\"7540551\" data-element_type=\"container\" data-e-type=\"container\">\n\t\t\t\t\t<div class=\"e-con-inner\">\n\t\t<div class=\"elementor-element elementor-element-290d25c e-con-full e-flex e-con e-child\" data-id=\"290d25c\" data-element_type=\"container\" data-e-type=\"container\">\n\t\t\t\t<div class=\"elementor-element elementor-element-eb04156 elementor-widget elementor-widget-heading\" data-id=\"eb04156\" data-element_type=\"widget\" data-e-type=\"widget\" data-widget_type=\"heading.default\">\n\t\t\t\t\t<h6 class=\"elementor-heading-title elementor-size-default\"><a href=\"http:\/\/quien\">QUI\u00c9NES SOMOS<\/a><\/h6>\t\t\t\t<\/div>\n\t\t\t\t<div class=\"elementor-element elementor-element-814ab48 elementor-widget__width-initial elementor-widget-mobile__width-initial elementor-widget-tablet__width-initial elementor-widget elementor-widget-heading\" data-id=\"814ab48\" data-element_type=\"widget\" data-e-type=\"widget\" data-widget_type=\"heading.default\">\n\t\t\t\t\t<h2 class=\"elementor-heading-title elementor-size-default\">\u00a1Aqu\u00ed empieza el mejor plato!<\/h2>\t\t\t\t<\/div>\n\t\t\t\t<div class=\"elementor-element elementor-element-f20c573 elementor-widget elementor-widget-text-editor\" data-id=\"f20c573\" data-element_type=\"widget\" data-e-type=\"widget\" data-widget_type=\"text-editor.default\">\n\t\t\t\t\t\t\t\t\t<p>Somos una carnicer\u00eda comprometida con ofrecer productos frescos y de la m\u00e1s alta calidad.<\/p>\n<p>Desde nuestros inicios, nos hemos dedicado a seleccionar cuidadosamente cada corte de carne, garantizando no solo un excelente sabor, sino tambi\u00e9n los m\u00e1s altos est\u00e1ndares de higiene y confianza para nuestros clientes.<\/p>\t\t\t\t\t\t\t\t<\/div>\n\t\t\t\t<\/div>\n\t\t<div class=\"elementor-element elementor-element-48c17c7 e-con-full e-flex e-con e-child\" data-id=\"48c17c7\" data-element_type=\"container\" data-e-type=\"container\">\n\t\t\t\t<div class=\"elementor-element elementor-element-c4b970f elementor-hidden-tablet elementor-invisible elementor-widget elementor-widget-image\" data-id=\"c4b970f\" data-element_type=\"widget\" data-e-type=\"widget\" data-settings=\"{&quot;_animation&quot;:&quot;fadeInRight&quot;}\" data-widget_type=\"image.default\">\n\t\t\t\t\t\t\t\t\t\t\t\t\t\t\t<img fetchpriority=\"high\" decoding=\"async\" width=\"1000\" height=\"667\" src=\"https:\/\/carniceriasofia.com\/wp-content\/uploads\/2026\/04\/6590.jpg\" class=\"attachment-full size-full wp-image-377\" alt=\"\" srcset=\"https:\/\/carniceriasofia.com\/wp-content\/uploads\/2026\/04\/6590.jpg 1000w, https:\/\/carniceriasofia.com\/wp-content\/uploads\/2026\/04\/6590-300x200.jpg 300w, https:\/\/carniceriasofia.com\/wp-content\/uploads\/2026\/04\/6590-768x512.jpg 768w, https:\/\/carniceriasofia.com\/wp-content\/uploads\/2026\/04\/6590-18x12.jpg 18w\" sizes=\"(max-width: 1000px) 100vw, 1000px\" \/>\t\t\t\t\t\t\t\t\t\t\t\t\t\t\t<\/div>\n\t\t\t\t<div class=\"elementor-element elementor-element-55ce65b elementor-widget__width-initial elementor-absolute elementor-hidden-mobile elementor-invisible elementor-widget elementor-widget-image\" data-id=\"55ce65b\" data-element_type=\"widget\" data-e-type=\"widget\" data-settings=\"{&quot;_position&quot;:&quot;absolute&quot;,&quot;_animation&quot;:&quot;rotateIn&quot;}\" data-widget_type=\"image.default\">\n\t\t\t\t\t\t\t\t\t\t\t\t\t\t\t<img decoding=\"async\" width=\"667\" height=\"1000\" src=\"https:\/\/carniceriasofia.com\/wp-content\/uploads\/2026\/04\/47047.jpg\" class=\"attachment-full size-full wp-image-376\" alt=\"\" srcset=\"https:\/\/carniceriasofia.com\/wp-content\/uploads\/2026\/04\/47047.jpg 667w, https:\/\/carniceriasofia.com\/wp-content\/uploads\/2026\/04\/47047-200x300.jpg 200w, https:\/\/carniceriasofia.com\/wp-content\/uploads\/2026\/04\/47047-8x12.jpg 8w\" sizes=\"(max-width: 667px) 100vw, 667px\" \/>\t\t\t\t\t\t\t\t\t\t\t\t\t\t\t<\/div>\n\t\t\t\t<\/div>\n\t\t\t\t\t<\/div>\n\t\t\t\t<\/div>\n\t\t<div class=\"elementor-element elementor-element-c3fff98 e-flex e-con-boxed e-con e-parent\" data-id=\"c3fff98\" data-element_type=\"container\" data-e-type=\"container\" data-settings=\"{&quot;background_background&quot;:&quot;classic&quot;}\">\n\t\t\t\t\t<div class=\"e-con-inner\">\n\t\t<div class=\"elementor-element elementor-element-712cb7e e-con-full e-flex elementor-invisible e-con e-child\" data-id=\"712cb7e\" data-element_type=\"container\" data-e-type=\"container\" data-settings=\"{&quot;animation&quot;:&quot;fadeInUp&quot;}\">\n\t\t\t\t<div class=\"elementor-element elementor-element-3962e91 elementor-widget elementor-widget-heading\" data-id=\"3962e91\" data-element_type=\"widget\" data-e-type=\"widget\" data-widget_type=\"heading.default\">\n\t\t\t\t\t<h2 class=\"elementor-heading-title elementor-size-default\">\u00a1Selecci\u00f3n exclusiva de carnes para quienes saben apreciar el buen sabor!<\/h2>\t\t\t\t<\/div>\n\t\t\t\t<div class=\"elementor-element elementor-element-1e1beea elementor-align-center elementor-widget elementor-widget-button\" data-id=\"1e1beea\" data-element_type=\"widget\" data-e-type=\"widget\" data-widget_type=\"button.default\">\n\t\t\t\t\t\t\t\t\t\t<a class=\"elementor-button elementor-button-link elementor-size-md elementor-animation-float\" href=\"\/servicios\">\n\t\t\t\t\t\t<span class=\"elementor-button-content-wrapper\">\n\t\t\t\t\t\t\t\t\t<span class=\"elementor-button-text\">Nuestros  productos<\/span>\n\t\t\t\t\t<\/span>\n\t\t\t\t\t<\/a>\n\t\t\t\t\t\t\t\t<\/div>\n\t\t\t\t<\/div>\n\t\t\t\t\t<\/div>\n\t\t\t\t<\/div>\n\t\t<div class=\"elementor-element elementor-element-a97c145 e-flex e-con-boxed e-con e-parent\" data-id=\"a97c145\" data-element_type=\"container\" data-e-type=\"container\">\n\t\t\t\t\t<div class=\"e-con-inner\">\n\t\t<div class=\"elementor-element elementor-element-826c0f4 e-con-full e-flex e-con e-child\" data-id=\"826c0f4\" data-element_type=\"container\" data-e-type=\"container\">\n\t\t\t\t<div class=\"elementor-element elementor-element-a322d71 elementor-widget elementor-widget-image\" data-id=\"a322d71\" data-element_type=\"widget\" data-e-type=\"widget\" data-widget_type=\"image.default\">\n\t\t\t\t\t\t\t\t\t\t\t\t\t\t\t<img decoding=\"async\" width=\"667\" height=\"1000\" src=\"https:\/\/carniceriasofia.com\/wp-content\/uploads\/2026\/04\/2147930117.jpg\" class=\"attachment-full size-full wp-image-375\" alt=\"\" srcset=\"https:\/\/carniceriasofia.com\/wp-content\/uploads\/2026\/04\/2147930117.jpg 667w, https:\/\/carniceriasofia.com\/wp-content\/uploads\/2026\/04\/2147930117-200x300.jpg 200w, https:\/\/carniceriasofia.com\/wp-content\/uploads\/2026\/04\/2147930117-8x12.jpg 8w\" sizes=\"(max-width: 667px) 100vw, 667px\" \/>\t\t\t\t\t\t\t\t\t\t\t\t\t\t\t<\/div>\n\t\t\t\t<\/div>\n\t\t<div class=\"elementor-element elementor-element-d33e8c9 e-con-full e-flex e-con e-child\" data-id=\"d33e8c9\" data-element_type=\"container\" data-e-type=\"container\">\n\t\t\t\t<div class=\"elementor-element elementor-element-8c3164c elementor-widget elementor-widget-heading\" data-id=\"8c3164c\" data-element_type=\"widget\" data-e-type=\"widget\" data-widget_type=\"heading.default\">\n\t\t\t\t\t<h6 class=\"elementor-heading-title elementor-size-default\">POR QU\u00c9 ELEGIRNOS<\/h6>\t\t\t\t<\/div>\n\t\t\t\t<div class=\"elementor-element elementor-element-47789e3 elementor-widget elementor-widget-heading\" data-id=\"47789e3\" data-element_type=\"widget\" data-e-type=\"widget\" data-widget_type=\"heading.default\">\n\t\t\t\t\t<h2 class=\"elementor-heading-title elementor-size-default\">\u00a1Sabor que une familias!<\/h2>\t\t\t\t<\/div>\n\t\t\t\t<div class=\"elementor-element elementor-element-f7217e7 elementor-widget elementor-widget-text-editor\" data-id=\"f7217e7\" data-element_type=\"widget\" data-e-type=\"widget\" data-widget_type=\"text-editor.default\">\n\t\t\t\t\t\t\t\t\t<p>Nuestro equipo de expertos trabaja arduamente para asegurarse de que cada pieza que ofrecemos cumpla con las expectativas de nuestros consumidores, brindando as\u00ed una experiencia \u00fanica en cada compra.<\/p>\n<p>En nuestra carnicer\u00eda, la satisfacci\u00f3n del cliente es nuestra prioridad, y seguimos innovando para mejorar cada d\u00eda.<\/p>\t\t\t\t\t\t\t\t<\/div>\n\t\t\t\t<\/div>\n\t\t\t\t\t<\/div>\n\t\t\t\t<\/div>\n\t\t\t\t<\/div>\n\t\t","protected":false},"excerpt":{"rendered":"<p>\u00a1Excelencia en cada corte! QUI\u00c9NES SOMOS \u00a1Aqu\u00ed empieza el mejor plato! Somos una carnicer\u00eda comprometida con ofrecer productos frescos y de la m\u00e1s alta calidad. Desde nuestros inicios, nos hemos dedicado a seleccionar cuidadosamente cada corte de carne, garantizando no solo un excelente sabor, sino tambi\u00e9n los m\u00e1s altos est\u00e1ndares de higiene y confianza para [&hellip;]<\/p>\n","protected":false},"author":1,"featured_media":0,"parent":0,"menu_order":0,"comment_status":"closed","ping_status":"closed","template":"elementor_canvas","meta":{"footnotes":""},"class_list":["post-2","page","type-page","status-publish","hentry"],"yoast_head":"<!-- This site is optimized with the Yoast SEO plugin v27.4 - https:\/\/yoast.com\/product\/yoast-seo-wordpress\/ -->\n<title>Inicio - Carnicer\u00eda Sof\u00eda<\/title>\n<meta name=\"robots\" content=\"index, follow, max-snippet:-1, max-image-preview:large, max-video-preview:-1\" \/>\n<link rel=\"canonical\" href=\"https:\/\/carniceriasofia.com\/eu\/\" \/>\n<meta property=\"og:locale\" content=\"en_US\" \/>\n<meta property=\"og:type\" content=\"article\" \/>\n<meta property=\"og:title\" content=\"Inicio - Carnicer\u00eda Sof\u00eda\" \/>\n<meta property=\"og:description\" content=\"\u00a1Excelencia en cada corte! QUI\u00c9NES SOMOS \u00a1Aqu\u00ed empieza el mejor plato! Somos una carnicer\u00eda comprometida con ofrecer productos frescos y de la m\u00e1s alta calidad. Desde nuestros inicios, nos hemos dedicado a seleccionar cuidadosamente cada corte de carne, garantizando no solo un excelente sabor, sino tambi\u00e9n los m\u00e1s altos est\u00e1ndares de higiene y confianza para [&hellip;]\" \/>\n<meta property=\"og:url\" content=\"https:\/\/carniceriasofia.com\/eu\/\" \/>\n<meta property=\"og:site_name\" content=\"Carnicer\u00eda Sof\u00eda\" \/>\n<meta property=\"article:modified_time\" content=\"2026-04-16T14:22:50+00:00\" \/>\n<meta property=\"og:image\" content=\"https:\/\/carniceriasofia.com\/wp-content\/uploads\/2026\/04\/6590.jpg\" \/>\n<meta name=\"twitter:card\" content=\"summary_large_image\" \/>\n<meta name=\"twitter:label1\" content=\"Est. reading time\" \/>\n\t<meta name=\"twitter:data1\" content=\"1 minutua\" \/>\n<script type=\"application\/ld+json\" class=\"yoast-schema-graph\">{\"@context\":\"https:\\\/\\\/schema.org\",\"@graph\":[{\"@type\":\"WebPage\",\"@id\":\"https:\\\/\\\/carniceriasofia.com\\\/\",\"url\":\"https:\\\/\\\/carniceriasofia.com\\\/\",\"name\":\"Inicio - Carnicer\u00eda Sof\u00eda\",\"isPartOf\":{\"@id\":\"https:\\\/\\\/carniceriasofia.com\\\/#website\"},\"primaryImageOfPage\":{\"@id\":\"https:\\\/\\\/carniceriasofia.com\\\/#primaryimage\"},\"image\":{\"@id\":\"https:\\\/\\\/carniceriasofia.com\\\/#primaryimage\"},\"thumbnailUrl\":\"https:\\\/\\\/carniceriasofia.com\\\/wp-content\\\/uploads\\\/2026\\\/04\\\/6590.jpg\",\"datePublished\":\"2026-04-14T09:51:43+00:00\",\"dateModified\":\"2026-04-16T14:22:50+00:00\",\"breadcrumb\":{\"@id\":\"https:\\\/\\\/carniceriasofia.com\\\/#breadcrumb\"},\"inLanguage\":\"eu\",\"potentialAction\":[{\"@type\":\"ReadAction\",\"target\":[\"https:\\\/\\\/carniceriasofia.com\\\/\"]}]},{\"@type\":\"ImageObject\",\"inLanguage\":\"eu\",\"@id\":\"https:\\\/\\\/carniceriasofia.com\\\/#primaryimage\",\"url\":\"https:\\\/\\\/carniceriasofia.com\\\/wp-content\\\/uploads\\\/2026\\\/04\\\/6590.jpg\",\"contentUrl\":\"https:\\\/\\\/carniceriasofia.com\\\/wp-content\\\/uploads\\\/2026\\\/04\\\/6590.jpg\"},{\"@type\":\"BreadcrumbList\",\"@id\":\"https:\\\/\\\/carniceriasofia.com\\\/#breadcrumb\",\"itemListElement\":[{\"@type\":\"ListItem\",\"position\":1,\"name\":\"Portada\",\"item\":\"https:\\\/\\\/carniceriasofia.com\\\/\"},{\"@type\":\"ListItem\",\"position\":2,\"name\":\"Inicio\"}]},{\"@type\":\"WebSite\",\"@id\":\"https:\\\/\\\/carniceriasofia.com\\\/#website\",\"url\":\"https:\\\/\\\/carniceriasofia.com\\\/\",\"name\":\"Carnicer\u00eda Sof\u00eda\",\"description\":\"Carnicer\u00eda Sof\u00eda\",\"publisher\":{\"@id\":\"https:\\\/\\\/carniceriasofia.com\\\/#organization\"},\"potentialAction\":[{\"@type\":\"SearchAction\",\"target\":{\"@type\":\"EntryPoint\",\"urlTemplate\":\"https:\\\/\\\/carniceriasofia.com\\\/?s={search_term_string}\"},\"query-input\":{\"@type\":\"PropertyValueSpecification\",\"valueRequired\":true,\"valueName\":\"search_term_string\"}}],\"inLanguage\":\"eu\"},{\"@type\":\"Organization\",\"@id\":\"https:\\\/\\\/carniceriasofia.com\\\/#organization\",\"name\":\"Carnicer\u00eda Sof\u00eda\",\"url\":\"https:\\\/\\\/carniceriasofia.com\\\/\",\"logo\":{\"@type\":\"ImageObject\",\"inLanguage\":\"eu\",\"@id\":\"https:\\\/\\\/carniceriasofia.com\\\/#\\\/schema\\\/logo\\\/image\\\/\",\"url\":\"https:\\\/\\\/carniceriasofia.com\\\/wp-content\\\/uploads\\\/2026\\\/04\\\/logo_web-removebg-preview.png\",\"contentUrl\":\"https:\\\/\\\/carniceriasofia.com\\\/wp-content\\\/uploads\\\/2026\\\/04\\\/logo_web-removebg-preview.png\",\"width\":538,\"height\":300,\"caption\":\"Carnicer\u00eda Sof\u00eda\"},\"image\":{\"@id\":\"https:\\\/\\\/carniceriasofia.com\\\/#\\\/schema\\\/logo\\\/image\\\/\"}}]}<\/script>\n<!-- \/ Yoast SEO plugin. -->","yoast_head_json":{"title":"Inicio - Carnicer\u00eda Sof\u00eda","robots":{"index":"index","follow":"follow","max-snippet":"max-snippet:-1","max-image-preview":"max-image-preview:large","max-video-preview":"max-video-preview:-1"},"canonical":"https:\/\/carniceriasofia.com\/eu\/","og_locale":"en_US","og_type":"article","og_title":"Inicio - Carnicer\u00eda Sof\u00eda","og_description":"\u00a1Excelencia en cada corte! QUI\u00c9NES SOMOS \u00a1Aqu\u00ed empieza el mejor plato! Somos una carnicer\u00eda comprometida con ofrecer productos frescos y de la m\u00e1s alta calidad. Desde nuestros inicios, nos hemos dedicado a seleccionar cuidadosamente cada corte de carne, garantizando no solo un excelente sabor, sino tambi\u00e9n los m\u00e1s altos est\u00e1ndares de higiene y confianza para [&hellip;]","og_url":"https:\/\/carniceriasofia.com\/eu\/","og_site_name":"Carnicer\u00eda Sof\u00eda","article_modified_time":"2026-04-16T14:22:50+00:00","og_image":[{"url":"https:\/\/carniceriasofia.com\/wp-content\/uploads\/2026\/04\/6590.jpg","type":"","width":"","height":""}],"twitter_card":"summary_large_image","twitter_misc":{"Est. reading time":"1 minutua"},"schema":{"@context":"https:\/\/schema.org","@graph":[{"@type":"WebPage","@id":"https:\/\/carniceriasofia.com\/","url":"https:\/\/carniceriasofia.com\/","name":"Inicio - Carnicer\u00eda Sof\u00eda","isPartOf":{"@id":"https:\/\/carniceriasofia.com\/#website"},"primaryImageOfPage":{"@id":"https:\/\/carniceriasofia.com\/#primaryimage"},"image":{"@id":"https:\/\/carniceriasofia.com\/#primaryimage"},"thumbnailUrl":"https:\/\/carniceriasofia.com\/wp-content\/uploads\/2026\/04\/6590.jpg","datePublished":"2026-04-14T09:51:43+00:00","dateModified":"2026-04-16T14:22:50+00:00","breadcrumb":{"@id":"https:\/\/carniceriasofia.com\/#breadcrumb"},"inLanguage":"eu","potentialAction":[{"@type":"ReadAction","target":["https:\/\/carniceriasofia.com\/"]}]},{"@type":"ImageObject","inLanguage":"eu","@id":"https:\/\/carniceriasofia.com\/#primaryimage","url":"https:\/\/carniceriasofia.com\/wp-content\/uploads\/2026\/04\/6590.jpg","contentUrl":"https:\/\/carniceriasofia.com\/wp-content\/uploads\/2026\/04\/6590.jpg"},{"@type":"BreadcrumbList","@id":"https:\/\/carniceriasofia.com\/#breadcrumb","itemListElement":[{"@type":"ListItem","position":1,"name":"Portada","item":"https:\/\/carniceriasofia.com\/"},{"@type":"ListItem","position":2,"name":"Inicio"}]},{"@type":"WebSite","@id":"https:\/\/carniceriasofia.com\/#website","url":"https:\/\/carniceriasofia.com\/","name":"Carnicer\u00eda Sof\u00eda","description":"Carnicer\u00eda Sof\u00eda","publisher":{"@id":"https:\/\/carniceriasofia.com\/#organization"},"potentialAction":[{"@type":"SearchAction","target":{"@type":"EntryPoint","urlTemplate":"https:\/\/carniceriasofia.com\/?s={search_term_string}"},"query-input":{"@type":"PropertyValueSpecification","valueRequired":true,"valueName":"search_term_string"}}],"inLanguage":"eu"},{"@type":"Organization","@id":"https:\/\/carniceriasofia.com\/#organization","name":"Carnicer\u00eda Sof\u00eda","url":"https:\/\/carniceriasofia.com\/","logo":{"@type":"ImageObject","inLanguage":"eu","@id":"https:\/\/carniceriasofia.com\/#\/schema\/logo\/image\/","url":"https:\/\/carniceriasofia.com\/wp-content\/uploads\/2026\/04\/logo_web-removebg-preview.png","contentUrl":"https:\/\/carniceriasofia.com\/wp-content\/uploads\/2026\/04\/logo_web-removebg-preview.png","width":538,"height":300,"caption":"Carnicer\u00eda Sof\u00eda"},"image":{"@id":"https:\/\/carniceriasofia.com\/#\/schema\/logo\/image\/"}}]}},"_links":{"self":[{"href":"https:\/\/carniceriasofia.com\/eu\/wp-json\/wp\/v2\/pages\/2","targetHints":{"allow":["GET"]}}],"collection":[{"href":"https:\/\/carniceriasofia.com\/eu\/wp-json\/wp\/v2\/pages"}],"about":[{"href":"https:\/\/carniceriasofia.com\/eu\/wp-json\/wp\/v2\/types\/page"}],"author":[{"embeddable":true,"href":"https:\/\/carniceriasofia.com\/eu\/wp-json\/wp\/v2\/users\/1"}],"replies":[{"embeddable":true,"href":"https:\/\/carniceriasofia.com\/eu\/wp-json\/wp\/v2\/comments?post=2"}],"version-history":[{"count":166,"href":"https:\/\/carniceriasofia.com\/eu\/wp-json\/wp\/v2\/pages\/2\/revisions"}],"predecessor-version":[{"id":740,"href":"https:\/\/carniceriasofia.com\/eu\/wp-json\/wp\/v2\/pages\/2\/revisions\/740"}],"wp:attachment":[{"href":"https:\/\/carniceriasofia.com\/eu\/wp-json\/wp\/v2\/media?parent=2"}],"curies":[{"name":"wp","href":"https:\/\/api.w.org\/{rel}","templated":true}]}}