{"id":7,"date":"2026-04-14T10:02:29","date_gmt":"2026-04-14T10:02:29","guid":{"rendered":"https:\/\/carniceriasofia.rkinformatika.online\/?page_id=7"},"modified":"2026-04-16T15:42:44","modified_gmt":"2026-04-16T15:42:44","slug":"productos","status":"publish","type":"page","link":"https:\/\/carniceriasofia.com\/eu\/productos\/","title":{"rendered":"Produktuak"},"content":{"rendered":"<div data-elementor-type=\"wp-page\" data-elementor-id=\"7\" class=\"elementor elementor-7\" data-elementor-post-type=\"page\">\n\t\t\t\t<div class=\"elementor-element elementor-element-8fbdba0 e-flex e-con-boxed e-con e-parent\" data-id=\"8fbdba0\" data-element_type=\"container\" data-e-type=\"container\" data-settings=\"{&quot;background_background&quot;:&quot;classic&quot;}\">\n\t\t\t\t\t<div class=\"e-con-inner\">\n\t\t<div class=\"elementor-element elementor-element-6b8318e e-con-full e-flex e-con e-child\" data-id=\"6b8318e\" data-element_type=\"container\" data-e-type=\"container\">\n\t\t\t\t<\/div>\n\t\t\t\t\t<\/div>\n\t\t\t\t<\/div>\n\t\t<div class=\"elementor-element elementor-element-4a2ad79 e-flex e-con-boxed e-con e-parent\" data-id=\"4a2ad79\" data-element_type=\"container\" data-e-type=\"container\">\n\t\t\t\t\t<div class=\"e-con-inner\">\n\t\t<div class=\"elementor-element elementor-element-eb754f6 e-con-full e-flex e-con e-child\" data-id=\"eb754f6\" data-element_type=\"container\" data-e-type=\"container\">\n\t\t<div class=\"elementor-element elementor-element-03ec794 e-con-full e-flex e-con e-child\" data-id=\"03ec794\" data-element_type=\"container\" data-e-type=\"container\">\n\t\t<div class=\"elementor-element elementor-element-121d55f e-con-full e-flex elementor-invisible e-con e-child\" data-id=\"121d55f\" data-element_type=\"container\" data-e-type=\"container\" data-settings=\"{&quot;animation&quot;:&quot;fadeInUp&quot;}\">\n\t\t\t\t<div class=\"elementor-element elementor-element-be98bb5 elementor-widget elementor-widget-heading\" data-id=\"be98bb5\" data-element_type=\"widget\" data-e-type=\"widget\" data-widget_type=\"heading.default\">\n\t\t\t\t\t<h6 class=\"elementor-heading-title elementor-size-default\">LO QUE OFRECEMOS<\/h6>\t\t\t\t<\/div>\n\t\t\t\t<\/div>\n\t\t\t\t<\/div>\n\t\t<div class=\"elementor-element elementor-element-ede5d68 e-con-full e-flex elementor-invisible e-con e-child\" data-id=\"ede5d68\" data-element_type=\"container\" data-e-type=\"container\" data-settings=\"{&quot;animation&quot;:&quot;fadeIn&quot;,&quot;animation_delay&quot;:200}\">\n\t\t<div class=\"elementor-element elementor-element-85c619a e-con-full e-flex e-con e-child\" data-id=\"85c619a\" data-element_type=\"container\" data-e-type=\"container\">\n\t\t\t\t<div class=\"elementor-element elementor-element-424b8c5 elementor-flip-box--direction-right elementor-flip-box--3d elementor-flip-box--effect-flip elementor-widget elementor-widget-flip-box\" data-id=\"424b8c5\" data-element_type=\"widget\" data-e-type=\"widget\" data-widget_type=\"flip-box.default\">\n\t\t\t\t\t\t\t<div class=\"elementor-flip-box\" tabindex=\"0\">\n\t\t\t<div class=\"elementor-flip-box__layer elementor-flip-box__front\">\n\t\t\t\t<div class=\"elementor-flip-box__layer__overlay\">\n\t\t\t\t\t<div class=\"elementor-flip-box__layer__inner\">\n\t\t\t\t\t\t\n\t\t\t\t\t\t\t\t\t\t\t\t\t<h3 class=\"elementor-flip-box__layer__title\">\n\t\t\t\t\t\t\t\tCarne\t\t\t\t\t\t\t<\/h3>\n\t\t\t\t\t\t\n\t\t\t\t\t\t\t\t\t\t\t<\/div>\n\t\t\t\t<\/div>\n\t\t\t<\/div>\n\t\t\t<div class=\"elementor-flip-box__layer elementor-flip-box__back\">\n\t\t\t<div class=\"elementor-flip-box__layer__overlay\">\n\t\t\t\t<div class=\"elementor-flip-box__layer__inner\">\n\t\t\t\t\t\n\t\t\t\t\t\t\t\t\t\t\t<div class=\"elementor-flip-box__layer__description\">\n\t\t\t\t\t\t\tTernero, cerdo, pollo, cordero\t\t\t\t\t\t<\/div>\n\t\t\t\t\t\n\t\t\t\t\t\t\t\t<\/div>\n\t\t<\/div>\n\t\t<\/div>\n\t\t<\/div>\n\t\t\t\t\t\t<\/div>\n\t\t\t\t<\/div>\n\t\t<div class=\"elementor-element elementor-element-c4d0d2d e-con-full elementor-hidden-mobile e-flex e-con e-child\" data-id=\"c4d0d2d\" data-element_type=\"container\" data-e-type=\"container\">\n\t\t\t\t<\/div>\n\t\t<div class=\"elementor-element elementor-element-48cf1b7 e-con-full e-flex e-con e-child\" data-id=\"48cf1b7\" data-element_type=\"container\" data-e-type=\"container\">\n\t\t\t\t<div class=\"elementor-element elementor-element-df9b6e4 elementor-widget elementor-widget-heading\" data-id=\"df9b6e4\" data-element_type=\"widget\" data-e-type=\"widget\" data-widget_type=\"heading.default\">\n\t\t\t\t\t<h2 class=\"elementor-heading-title elementor-size-default\">Carnes selectas para paladares exigentes<\/h2>\t\t\t\t<\/div>\n\t\t\t\t<\/div>\n\t\t\t\t<\/div>\n\t\t<div class=\"elementor-element elementor-element-5be21d9 e-con-full e-flex elementor-invisible e-con e-child\" data-id=\"5be21d9\" data-element_type=\"container\" data-e-type=\"container\" data-settings=\"{&quot;animation&quot;:&quot;fadeIn&quot;,&quot;animation_delay&quot;:300}\">\n\t\t<div class=\"elementor-element elementor-element-58bf01b e-con-full e-flex e-con e-child\" data-id=\"58bf01b\" data-element_type=\"container\" data-e-type=\"container\">\n\t\t\t\t<div class=\"elementor-element elementor-element-623748c elementor-flip-box--direction-right elementor-flip-box--3d elementor-flip-box--effect-flip elementor-widget elementor-widget-flip-box\" data-id=\"623748c\" data-element_type=\"widget\" data-e-type=\"widget\" data-widget_type=\"flip-box.default\">\n\t\t\t\t\t\t\t<div class=\"elementor-flip-box\" tabindex=\"0\">\n\t\t\t<div class=\"elementor-flip-box__layer elementor-flip-box__front\">\n\t\t\t\t<div class=\"elementor-flip-box__layer__overlay\">\n\t\t\t\t\t<div class=\"elementor-flip-box__layer__inner\">\n\t\t\t\t\t\t\n\t\t\t\t\t\t\t\t\t\t\t\t\t<h3 class=\"elementor-flip-box__layer__title\">\n\t\t\t\t\t\t\t\tCharcuter\u00eda\t\t\t\t\t\t\t<\/h3>\n\t\t\t\t\t\t\n\t\t\t\t\t\t\t\t\t\t\t<\/div>\n\t\t\t\t<\/div>\n\t\t\t<\/div>\n\t\t\t<div class=\"elementor-flip-box__layer elementor-flip-box__back\">\n\t\t\t<div class=\"elementor-flip-box__layer__overlay\">\n\t\t\t\t<div class=\"elementor-flip-box__layer__inner\">\n\t\t\t\t\t\n\t\t\t\t\t\t\t\t\t\t\t<div class=\"elementor-flip-box__layer__description\">\n\t\t\t\t\t\t\tComunes, frescos, crudos o curados, salazones c\u00e1rnicas, tratados con calor o cocidos\t\t\t\t\t\t<\/div>\n\t\t\t\t\t\n\t\t\t\t\t\t\t\t<\/div>\n\t\t<\/div>\n\t\t<\/div>\n\t\t<\/div>\n\t\t\t\t\t\t<\/div>\n\t\t\t\t<\/div>\n\t\t<div class=\"elementor-element elementor-element-d69c51d e-con-full elementor-hidden-mobile e-flex e-con e-child\" data-id=\"d69c51d\" data-element_type=\"container\" data-e-type=\"container\">\n\t\t\t\t<\/div>\n\t\t<div class=\"elementor-element elementor-element-19b4875 e-con-full e-flex e-con e-child\" data-id=\"19b4875\" data-element_type=\"container\" data-e-type=\"container\">\n\t\t\t\t<div class=\"elementor-element elementor-element-e19ef09 elementor-flip-box--direction-right elementor-flip-box--3d elementor-flip-box--effect-flip elementor-widget elementor-widget-flip-box\" data-id=\"e19ef09\" data-element_type=\"widget\" data-e-type=\"widget\" data-widget_type=\"flip-box.default\">\n\t\t\t\t\t\t\t<div class=\"elementor-flip-box\" tabindex=\"0\">\n\t\t\t<div class=\"elementor-flip-box__layer elementor-flip-box__front\">\n\t\t\t\t<div class=\"elementor-flip-box__layer__overlay\">\n\t\t\t\t\t<div class=\"elementor-flip-box__layer__inner\">\n\t\t\t\t\t\t\n\t\t\t\t\t\t\t\t\t\t\t\t\t<h3 class=\"elementor-flip-box__layer__title\">\n\t\t\t\t\t\t\t\tProductos Africanos y Latinoam\u00e9ricanos\t\t\t\t\t\t\t<\/h3>\n\t\t\t\t\t\t\n\t\t\t\t\t\t\t\t\t\t\t<\/div>\n\t\t\t\t<\/div>\n\t\t\t<\/div>\n\t\t\t<div class=\"elementor-flip-box__layer elementor-flip-box__back\">\n\t\t\t<div class=\"elementor-flip-box__layer__overlay\">\n\t\t\t\t<div class=\"elementor-flip-box__layer__inner\">\n\t\t\t\t\t\n\t\t\t\t\t\t\t\t\t\t\t<div class=\"elementor-flip-box__layer__description\">\n\t\t\t\t\t\t\tLatas, bebidas, harinas... \t\t\t\t\t\t<\/div>\n\t\t\t\t\t\n\t\t\t\t\t\t\t\t<\/div>\n\t\t<\/div>\n\t\t<\/div>\n\t\t<\/div>\n\t\t\t\t\t\t<\/div>\n\t\t\t\t<\/div>\n\t\t\t\t<\/div>\n\t\t\t\t<\/div>\n\t\t\t\t\t<\/div>\n\t\t\t\t<\/div>\n\t\t<div class=\"elementor-element elementor-element-da47c5e e-flex e-con-boxed e-con e-parent\" data-id=\"da47c5e\" data-element_type=\"container\" data-e-type=\"container\" data-settings=\"{&quot;background_background&quot;:&quot;classic&quot;}\">\n\t\t\t\t\t<div class=\"e-con-inner\">\n\t\t<div class=\"elementor-element elementor-element-e7abfe2 e-con-full e-flex e-con e-child\" data-id=\"e7abfe2\" data-element_type=\"container\" data-e-type=\"container\">\n\t\t\t\t<div class=\"elementor-element elementor-element-537f96d elementor-invisible elementor-widget elementor-widget-heading\" data-id=\"537f96d\" data-element_type=\"widget\" data-e-type=\"widget\" data-settings=\"{&quot;_animation&quot;:&quot;fadeInRight&quot;}\" data-widget_type=\"heading.default\">\n\t\t\t\t\t<h2 class=\"elementor-heading-title elementor-size-default\">\u00a1M\u00e1s que carne, una experiencia que se disfruta en cada bocado!<\/h2>\t\t\t\t<\/div>\n\t\t\t\t<div class=\"elementor-element elementor-element-cdacacf elementor-align-center elementor-widget elementor-widget-button\" data-id=\"cdacacf\" data-element_type=\"widget\" data-e-type=\"widget\" data-widget_type=\"button.default\">\n\t\t\t\t\t\t\t\t\t\t<a class=\"elementor-button elementor-button-link elementor-size-md elementor-animation-float\" href=\"\/eu\/contacto\/\">\n\t\t\t\t\t\t<span class=\"elementor-button-content-wrapper\">\n\t\t\t\t\t\t\t\t\t<span class=\"elementor-button-text\">Cont\u00e1ctanos<\/span>\n\t\t\t\t\t<\/span>\n\t\t\t\t\t<\/a>\n\t\t\t\t\t\t\t\t<\/div>\n\t\t\t\t<\/div>\n\t\t\t\t\t<\/div>\n\t\t\t\t<\/div>\n\t\t<div class=\"elementor-element elementor-element-4fa4084 e-flex e-con-boxed e-con e-parent\" data-id=\"4fa4084\" data-element_type=\"container\" data-e-type=\"container\">\n\t\t\t\t\t<div class=\"e-con-inner\">\n\t\t<div class=\"elementor-element elementor-element-bf4f073 e-con-full e-flex e-con e-child\" data-id=\"bf4f073\" data-element_type=\"container\" data-e-type=\"container\">\n\t\t\t\t<div class=\"elementor-element elementor-element-89a964f elementor-cta--skin-cover elementor-cta--valign-bottom elementor-bg-transform elementor-bg-transform-zoom-out animated-slow elementor-animated-content elementor-invisible elementor-widget elementor-widget-call-to-action\" data-id=\"89a964f\" data-element_type=\"widget\" data-e-type=\"widget\" data-settings=\"{&quot;_animation&quot;:&quot;fadeIn&quot;}\" data-widget_type=\"call-to-action.default\">\n\t\t\t\t\t\t\t<div class=\"elementor-cta\">\n\t\t\t\t\t<div class=\"elementor-cta__bg-wrapper\">\n\t\t\t\t<div class=\"elementor-cta__bg elementor-bg\" style=\"background-image: url(https:\/\/carniceriasofia.com\/wp-content\/uploads\/2026\/04\/assorted-raw-meat-steaks-and-bacon-on-metal-hooks-2026-03-12-23-54-48-utc-scaled.jpg);\" role=\"img\" aria-label=\"assorted raw meat steaks and bacon on metal hooks on dark black background\"><\/div>\n\t\t\t\t<div class=\"elementor-cta__bg-overlay\"><\/div>\n\t\t\t<\/div>\n\t\t\t\t\t\t\t<div class=\"elementor-cta__content\">\n\t\t\t\t\n\t\t\t\t\t\t\t\t\t<div class=\"elementor-cta__title elementor-cta__content-item elementor-content-item elementor-animated-item--move-up\">\n\t\t\t\t\t\tCARNE\t\t\t\t\t<\/div>\n\t\t\t\t\n\t\t\t\t\n\t\t\t\t\t\t\t<\/div>\n\t\t\t\t\t\t<\/div>\n\t\t\t\t\t\t<\/div>\n\t\t\t\t<\/div>\n\t\t<div class=\"elementor-element elementor-element-e360ec8 e-con-full e-flex e-con e-child\" data-id=\"e360ec8\" data-element_type=\"container\" data-e-type=\"container\">\n\t\t\t\t<div class=\"elementor-element elementor-element-5b1d572 elementor-cta--skin-cover elementor-cta--valign-bottom elementor-bg-transform elementor-bg-transform-zoom-out animated-slow elementor-animated-content elementor-invisible elementor-widget elementor-widget-call-to-action\" data-id=\"5b1d572\" data-element_type=\"widget\" data-e-type=\"widget\" data-settings=\"{&quot;_animation&quot;:&quot;fadeIn&quot;}\" data-widget_type=\"call-to-action.default\">\n\t\t\t\t\t\t\t<div class=\"elementor-cta\">\n\t\t\t\t\t<div class=\"elementor-cta__bg-wrapper\">\n\t\t\t\t<div class=\"elementor-cta__bg elementor-bg\" style=\"background-image: url(https:\/\/carniceriasofia.com\/wp-content\/uploads\/2026\/04\/different-smoked-sausages-slices-served-on-grey-ta-2026-03-27-01-46-21-utc-scaled.jpg);\" role=\"img\" aria-label=\"Different smoked sausages slices served on grey table, flat lay\"><\/div>\n\t\t\t\t<div class=\"elementor-cta__bg-overlay\"><\/div>\n\t\t\t<\/div>\n\t\t\t\t\t\t\t<div class=\"elementor-cta__content\">\n\t\t\t\t\n\t\t\t\t\t\t\t\t\t<div class=\"elementor-cta__title elementor-cta__content-item elementor-content-item elementor-animated-item--move-up\">\n\t\t\t\t\t\tCHARCUTER\u00cdA\t\t\t\t\t<\/div>\n\t\t\t\t\n\t\t\t\t\n\t\t\t\t\t\t\t<\/div>\n\t\t\t\t\t\t<\/div>\n\t\t\t\t\t\t<\/div>\n\t\t\t\t<\/div>\n\t\t<div class=\"elementor-element elementor-element-93d19e5 e-con-full e-flex e-con e-child\" data-id=\"93d19e5\" data-element_type=\"container\" data-e-type=\"container\">\n\t\t\t\t<div class=\"elementor-element elementor-element-fafd571 elementor-cta--skin-cover elementor-cta--valign-bottom elementor-bg-transform elementor-bg-transform-zoom-out animated-slow elementor-animated-content elementor-invisible elementor-widget elementor-widget-call-to-action\" data-id=\"fafd571\" data-element_type=\"widget\" data-e-type=\"widget\" data-settings=\"{&quot;_animation&quot;:&quot;fadeIn&quot;}\" data-widget_type=\"call-to-action.default\">\n\t\t\t\t\t\t\t<div class=\"elementor-cta\">\n\t\t\t\t\t<div class=\"elementor-cta__bg-wrapper\">\n\t\t\t\t<div class=\"elementor-cta__bg elementor-bg\" style=\"background-image: url(https:\/\/carniceriasofia.com\/wp-content\/uploads\/2026\/04\/raw-chicken-legs-on-parchment-with-pepper-salt-an-2026-03-25-09-05-31-utc-scaled.jpg);\" role=\"img\" aria-label=\"Raw chicken legs on parchment with pepper, salt and parsley. Top view\"><\/div>\n\t\t\t\t<div class=\"elementor-cta__bg-overlay\"><\/div>\n\t\t\t<\/div>\n\t\t\t\t\t\t\t<div class=\"elementor-cta__content\">\n\t\t\t\t\n\t\t\t\t\t\t\t\t\t<div class=\"elementor-cta__title elementor-cta__content-item elementor-content-item elementor-animated-item--move-up\">\n\t\t\t\t\t\tPOLLO Y PAVO\t\t\t\t\t<\/div>\n\t\t\t\t\n\t\t\t\t\n\t\t\t\t\t\t\t<\/div>\n\t\t\t\t\t\t<\/div>\n\t\t\t\t\t\t<\/div>\n\t\t\t\t<\/div>\n\t\t<div class=\"elementor-element elementor-element-ca95493 e-con-full e-flex e-con e-child\" data-id=\"ca95493\" data-element_type=\"container\" data-e-type=\"container\">\n\t\t\t\t<div class=\"elementor-element elementor-element-7476ba2 elementor-cta--skin-cover elementor-cta--valign-bottom elementor-bg-transform elementor-bg-transform-zoom-out animated-slow elementor-animated-content elementor-invisible elementor-widget elementor-widget-call-to-action\" data-id=\"7476ba2\" data-element_type=\"widget\" data-e-type=\"widget\" data-settings=\"{&quot;_animation&quot;:&quot;fadeIn&quot;}\" data-widget_type=\"call-to-action.default\">\n\t\t\t\t\t\t\t<div class=\"elementor-cta\">\n\t\t\t\t\t<div class=\"elementor-cta__bg-wrapper\">\n\t\t\t\t<div class=\"elementor-cta__bg elementor-bg\" style=\"background-image: url(https:\/\/carniceriasofia.com\/wp-content\/uploads\/2026\/04\/different-types-and-species-of-banana-red-yellow-2026-03-20-01-04-28-utc-scaled.jpg);\" role=\"img\" aria-label=\"Different types and species of banana. Red, yellow, green bananas in the asian supermarket\"><\/div>\n\t\t\t\t<div class=\"elementor-cta__bg-overlay\"><\/div>\n\t\t\t<\/div>\n\t\t\t\t\t\t\t<div class=\"elementor-cta__content\">\n\t\t\t\t\n\t\t\t\t\t\t\t\t\t<div class=\"elementor-cta__title elementor-cta__content-item elementor-content-item elementor-animated-item--move-up\">\n\t\t\t\t\t\tPRODUCTOS LATINOS\t\t\t\t\t<\/div>\n\t\t\t\t\n\t\t\t\t\n\t\t\t\t\t\t\t<\/div>\n\t\t\t\t\t\t<\/div>\n\t\t\t\t\t\t<\/div>\n\t\t\t\t<\/div>\n\t\t\t\t\t<\/div>\n\t\t\t\t<\/div>\n\t\t\t\t<\/div>","protected":false},"excerpt":{"rendered":"<p>LO QUE OFRECEMOS Carne Ternero, cerdo, pollo, cordero Carnes selectas para paladares exigentes Charcuter\u00eda Comunes, frescos, crudos o curados, salazones c\u00e1rnicas, tratados con calor o cocidos Productos Africanos y Latinoam\u00e9ricanos Latas, bebidas, harinas&#8230; \u00a1M\u00e1s que carne, una experiencia que se disfruta en cada bocado! Cont\u00e1ctanos CARNE CHARCUTER\u00cdA POLLO Y PAVO PRODUCTOS LATINOS<\/p>","protected":false},"author":1,"featured_media":0,"parent":0,"menu_order":0,"comment_status":"closed","ping_status":"closed","template":"elementor_canvas","meta":{"footnotes":""},"class_list":["post-7","page","type-page","status-publish","hentry"],"yoast_head":"<!-- This site is optimized with the Yoast SEO plugin v27.4 - https:\/\/yoast.com\/product\/yoast-seo-wordpress\/ -->\n<title>Productos - Carnicer\u00eda Sof\u00eda<\/title>\n<meta name=\"robots\" content=\"index, follow, max-snippet:-1, max-image-preview:large, max-video-preview:-1\" \/>\n<link rel=\"canonical\" href=\"https:\/\/carniceriasofia.com\/eu\/productos\/\" \/>\n<meta property=\"og:locale\" content=\"en_US\" \/>\n<meta property=\"og:type\" content=\"article\" \/>\n<meta property=\"og:title\" content=\"Productos - Carnicer\u00eda Sof\u00eda\" \/>\n<meta property=\"og:description\" content=\"LO QUE OFRECEMOS Carne Ternero, cerdo, pollo, cordero Carnes selectas para paladares exigentes Charcuter\u00eda Comunes, frescos, crudos o curados, salazones c\u00e1rnicas, tratados con calor o cocidos Productos Africanos y Latinoam\u00e9ricanos Latas, bebidas, harinas&#8230; \u00a1M\u00e1s que carne, una experiencia que se disfruta en cada bocado! Cont\u00e1ctanos CARNE CHARCUTER\u00cdA POLLO Y PAVO PRODUCTOS LATINOS\" \/>\n<meta property=\"og:url\" content=\"https:\/\/carniceriasofia.com\/eu\/productos\/\" \/>\n<meta property=\"og:site_name\" content=\"Carnicer\u00eda Sof\u00eda\" \/>\n<meta property=\"article:modified_time\" content=\"2026-04-16T15:42:44+00:00\" \/>\n<meta name=\"twitter:card\" content=\"summary_large_image\" \/>\n<meta name=\"twitter:label1\" content=\"Est. reading time\" \/>\n\t<meta name=\"twitter:data1\" content=\"1 minutua\" \/>\n<script type=\"application\/ld+json\" class=\"yoast-schema-graph\">{\"@context\":\"https:\\\/\\\/schema.org\",\"@graph\":[{\"@type\":\"WebPage\",\"@id\":\"https:\\\/\\\/carniceriasofia.com\\\/productos\\\/\",\"url\":\"https:\\\/\\\/carniceriasofia.com\\\/productos\\\/\",\"name\":\"Productos - Carnicer\u00eda Sof\u00eda\",\"isPartOf\":{\"@id\":\"https:\\\/\\\/carniceriasofia.com\\\/#website\"},\"datePublished\":\"2026-04-14T10:02:29+00:00\",\"dateModified\":\"2026-04-16T15:42:44+00:00\",\"breadcrumb\":{\"@id\":\"https:\\\/\\\/carniceriasofia.com\\\/productos\\\/#breadcrumb\"},\"inLanguage\":\"eu\",\"potentialAction\":[{\"@type\":\"ReadAction\",\"target\":[\"https:\\\/\\\/carniceriasofia.com\\\/productos\\\/\"]}]},{\"@type\":\"BreadcrumbList\",\"@id\":\"https:\\\/\\\/carniceriasofia.com\\\/productos\\\/#breadcrumb\",\"itemListElement\":[{\"@type\":\"ListItem\",\"position\":1,\"name\":\"Portada\",\"item\":\"https:\\\/\\\/carniceriasofia.com\\\/\"},{\"@type\":\"ListItem\",\"position\":2,\"name\":\"Productos\"}]},{\"@type\":\"WebSite\",\"@id\":\"https:\\\/\\\/carniceriasofia.com\\\/#website\",\"url\":\"https:\\\/\\\/carniceriasofia.com\\\/\",\"name\":\"Carnicer\u00eda Sof\u00eda\",\"description\":\"Carnicer\u00eda Sof\u00eda\",\"publisher\":{\"@id\":\"https:\\\/\\\/carniceriasofia.com\\\/#organization\"},\"potentialAction\":[{\"@type\":\"SearchAction\",\"target\":{\"@type\":\"EntryPoint\",\"urlTemplate\":\"https:\\\/\\\/carniceriasofia.com\\\/?s={search_term_string}\"},\"query-input\":{\"@type\":\"PropertyValueSpecification\",\"valueRequired\":true,\"valueName\":\"search_term_string\"}}],\"inLanguage\":\"eu\"},{\"@type\":\"Organization\",\"@id\":\"https:\\\/\\\/carniceriasofia.com\\\/#organization\",\"name\":\"Carnicer\u00eda Sof\u00eda\",\"url\":\"https:\\\/\\\/carniceriasofia.com\\\/\",\"logo\":{\"@type\":\"ImageObject\",\"inLanguage\":\"eu\",\"@id\":\"https:\\\/\\\/carniceriasofia.com\\\/#\\\/schema\\\/logo\\\/image\\\/\",\"url\":\"https:\\\/\\\/carniceriasofia.com\\\/wp-content\\\/uploads\\\/2026\\\/04\\\/logo_web-removebg-preview.png\",\"contentUrl\":\"https:\\\/\\\/carniceriasofia.com\\\/wp-content\\\/uploads\\\/2026\\\/04\\\/logo_web-removebg-preview.png\",\"width\":538,\"height\":300,\"caption\":\"Carnicer\u00eda Sof\u00eda\"},\"image\":{\"@id\":\"https:\\\/\\\/carniceriasofia.com\\\/#\\\/schema\\\/logo\\\/image\\\/\"}}]}<\/script>\n<!-- \/ Yoast SEO plugin. -->","yoast_head_json":{"title":"Productos - Carnicer\u00eda Sof\u00eda","robots":{"index":"index","follow":"follow","max-snippet":"max-snippet:-1","max-image-preview":"max-image-preview:large","max-video-preview":"max-video-preview:-1"},"canonical":"https:\/\/carniceriasofia.com\/eu\/productos\/","og_locale":"en_US","og_type":"article","og_title":"Productos - Carnicer\u00eda Sof\u00eda","og_description":"LO QUE OFRECEMOS Carne Ternero, cerdo, pollo, cordero Carnes selectas para paladares exigentes Charcuter\u00eda Comunes, frescos, crudos o curados, salazones c\u00e1rnicas, tratados con calor o cocidos Productos Africanos y Latinoam\u00e9ricanos Latas, bebidas, harinas&#8230; \u00a1M\u00e1s que carne, una experiencia que se disfruta en cada bocado! Cont\u00e1ctanos CARNE CHARCUTER\u00cdA POLLO Y PAVO PRODUCTOS LATINOS","og_url":"https:\/\/carniceriasofia.com\/eu\/productos\/","og_site_name":"Carnicer\u00eda Sof\u00eda","article_modified_time":"2026-04-16T15:42:44+00:00","twitter_card":"summary_large_image","twitter_misc":{"Est. reading time":"1 minutua"},"schema":{"@context":"https:\/\/schema.org","@graph":[{"@type":"WebPage","@id":"https:\/\/carniceriasofia.com\/productos\/","url":"https:\/\/carniceriasofia.com\/productos\/","name":"Productos - Carnicer\u00eda Sof\u00eda","isPartOf":{"@id":"https:\/\/carniceriasofia.com\/#website"},"datePublished":"2026-04-14T10:02:29+00:00","dateModified":"2026-04-16T15:42:44+00:00","breadcrumb":{"@id":"https:\/\/carniceriasofia.com\/productos\/#breadcrumb"},"inLanguage":"eu","potentialAction":[{"@type":"ReadAction","target":["https:\/\/carniceriasofia.com\/productos\/"]}]},{"@type":"BreadcrumbList","@id":"https:\/\/carniceriasofia.com\/productos\/#breadcrumb","itemListElement":[{"@type":"ListItem","position":1,"name":"Portada","item":"https:\/\/carniceriasofia.com\/"},{"@type":"ListItem","position":2,"name":"Productos"}]},{"@type":"WebSite","@id":"https:\/\/carniceriasofia.com\/#website","url":"https:\/\/carniceriasofia.com\/","name":"Carnicer\u00eda Sof\u00eda","description":"Carnicer\u00eda Sof\u00eda","publisher":{"@id":"https:\/\/carniceriasofia.com\/#organization"},"potentialAction":[{"@type":"SearchAction","target":{"@type":"EntryPoint","urlTemplate":"https:\/\/carniceriasofia.com\/?s={search_term_string}"},"query-input":{"@type":"PropertyValueSpecification","valueRequired":true,"valueName":"search_term_string"}}],"inLanguage":"eu"},{"@type":"Organization","@id":"https:\/\/carniceriasofia.com\/#organization","name":"Carnicer\u00eda Sof\u00eda","url":"https:\/\/carniceriasofia.com\/","logo":{"@type":"ImageObject","inLanguage":"eu","@id":"https:\/\/carniceriasofia.com\/#\/schema\/logo\/image\/","url":"https:\/\/carniceriasofia.com\/wp-content\/uploads\/2026\/04\/logo_web-removebg-preview.png","contentUrl":"https:\/\/carniceriasofia.com\/wp-content\/uploads\/2026\/04\/logo_web-removebg-preview.png","width":538,"height":300,"caption":"Carnicer\u00eda Sof\u00eda"},"image":{"@id":"https:\/\/carniceriasofia.com\/#\/schema\/logo\/image\/"}}]}},"_links":{"self":[{"href":"https:\/\/carniceriasofia.com\/eu\/wp-json\/wp\/v2\/pages\/7","targetHints":{"allow":["GET"]}}],"collection":[{"href":"https:\/\/carniceriasofia.com\/eu\/wp-json\/wp\/v2\/pages"}],"about":[{"href":"https:\/\/carniceriasofia.com\/eu\/wp-json\/wp\/v2\/types\/page"}],"author":[{"embeddable":true,"href":"https:\/\/carniceriasofia.com\/eu\/wp-json\/wp\/v2\/users\/1"}],"replies":[{"embeddable":true,"href":"https:\/\/carniceriasofia.com\/eu\/wp-json\/wp\/v2\/comments?post=7"}],"version-history":[{"count":191,"href":"https:\/\/carniceriasofia.com\/eu\/wp-json\/wp\/v2\/pages\/7\/revisions"}],"predecessor-version":[{"id":753,"href":"https:\/\/carniceriasofia.com\/eu\/wp-json\/wp\/v2\/pages\/7\/revisions\/753"}],"wp:attachment":[{"href":"https:\/\/carniceriasofia.com\/eu\/wp-json\/wp\/v2\/media?parent=7"}],"curies":[{"name":"wp","href":"https:\/\/api.w.org\/{rel}","templated":true}]}}